{"id":23994,"date":"2020-02-09T09:25:28","date_gmt":"2020-02-09T09:25:28","guid":{"rendered":"https:\/\/pilotex5.com\/?page_id=23994"},"modified":"2025-10-12T08:50:17","modified_gmt":"2025-10-12T08:50:17","slug":"contactez-nous","status":"publish","type":"page","link":"https:\/\/pilotex5.com\/?page_id=23994","title":{"rendered":"Contact \u2014 Assistance gratuite PiloteX5"},"content":{"rendered":"<p>Vous avez des difficult\u00e9s \u00e0 installer un pilote ou un logiciel ? L\u2019\u00e9quipe de PiloteX5 vous aide gratuitement \u00e0 identifier, t\u00e9l\u00e9charger et installer les fichiers n\u00e9cessaires \u00e0 partir des sources officielles.<\/p>\n<p>Veuillez pr\u00e9ciser quelques \u00e9l\u00e9ments afin que nous puissions vous r\u00e9pondre efficacement :<\/p>\n<ul>\n<li>Le mod\u00e8le exact de l\u2019appareil.<\/li>\n<li>La version du syst\u00e8me d\u2019exploitation (Windows, macOS, etc.).<\/li>\n<li>Une description courte du probl\u00e8me rencontr\u00e9 (erreur, pilote manquant, lien inactif, etc.).<\/li>\n<\/ul>\n<p>Nous analysons chaque demande et vous indiquons les \u00e9tapes \u00e0 suivre ou le lien officiel du fabricant.<br \/>\nLe service est totalement gratuit, sans inscription.<\/p>\n<p><script type=\"application\/ld+json\">\n{\n  \"@context\": \"https:\/\/schema.org\",\n  \"@type\": \"ContactPage\",\n  \"url\": \"https:\/\/pilotex5.com\/?page_id=23994\",\n  \"mainEntityOfPage\": {\"@id\": \"https:\/\/pilotex5.com\/?page_id=23994\"},\n  \"headline\": \"Contact \u2014 Assistance gratuite PiloteX5\",\n  \"inLanguage\": \"fr\",\n  \"dateModified\": \"2025-10-07\",\n  \"isPartOf\": {\"@type\": \"WebSite\", \"@id\": \"https:\/\/pilotex5.com\"},\n  \"publisher\": {\n    \"@type\": \"Organization\",\n    \"name\": \"PiloteX5\",\n    \"logo\": {\"@type\": \"ImageObject\", \"url\": \"https:\/\/pilotex5.com\/wp-content\/uploads\/2023\/11\/PiloteX5.webp\"}\n  }\n}\n<\/script><\/p>\n<div class=\"social-share-buttons\"><a href=\"https:\/\/www.facebook.com\/sharer\/sharer.php?u=https:\/\/pilotex5.com\/?page_id=23994\" target=\"_blank\" rel=\"noopener\">Facebook<\/a><a href=\"https:\/\/twitter.com\/intent\/tweet?url=https:\/\/pilotex5.com\/?page_id=23994&text=Contact+%E2%80%94+Assistance+gratuite+PiloteX5\" target=\"_blank\" rel=\"noopener\">Twitter<\/a><a href=\"https:\/\/www.linkedin.com\/shareArticle?url=https:\/\/pilotex5.com\/?page_id=23994&title=Contact+%E2%80%94+Assistance+gratuite+PiloteX5\" target=\"_blank\" rel=\"noopener\">LinkedIn<\/a><a href=\"https:\/\/pinterest.com\/pin\/create\/button\/?url=https:\/\/pilotex5.com\/?page_id=23994&description=Contact+%E2%80%94+Assistance+gratuite+PiloteX5\" target=\"_blank\" rel=\"noopener\">Pinterest<\/a><\/div>","protected":false},"excerpt":{"rendered":"<p>Vous avez des difficult\u00e9s \u00e0 installer un pilote ou un logiciel ? L\u2019\u00e9quipe de PiloteX5 vous aide gratuitement \u00e0 identifier, t\u00e9l\u00e9charger et installer les fichiers n\u00e9cessaires \u00e0 partir des sources officielles. Veuillez pr\u00e9ciser quelques \u00e9l\u00e9ments afin que nous puissions vous&hellip;<\/p>\n<p class=\"more-link-p\"><a class=\"more-link\" href=\"https:\/\/pilotex5.com\/?page_id=23994\">Read more &rarr;<\/a><\/p>\n","protected":false},"author":1,"featured_media":0,"parent":0,"menu_order":0,"comment_status":"open","ping_status":"open","template":"","meta":{"_lmt_disableupdate":"no","_lmt_disable":"","footnotes":""},"class_list":["post-23994","page","type-page","status-publish","hentry"],"_links":{"self":[{"href":"https:\/\/pilotex5.com\/index.php?rest_route=\/wp\/v2\/pages\/23994","targetHints":{"allow":["GET"]}}],"collection":[{"href":"https:\/\/pilotex5.com\/index.php?rest_route=\/wp\/v2\/pages"}],"about":[{"href":"https:\/\/pilotex5.com\/index.php?rest_route=\/wp\/v2\/types\/page"}],"author":[{"embeddable":true,"href":"https:\/\/pilotex5.com\/index.php?rest_route=\/wp\/v2\/users\/1"}],"replies":[{"embeddable":true,"href":"https:\/\/pilotex5.com\/index.php?rest_route=%2Fwp%2Fv2%2Fcomments&post=23994"}],"version-history":[{"count":4,"href":"https:\/\/pilotex5.com\/index.php?rest_route=\/wp\/v2\/pages\/23994\/revisions"}],"predecessor-version":[{"id":76168,"href":"https:\/\/pilotex5.com\/index.php?rest_route=\/wp\/v2\/pages\/23994\/revisions\/76168"}],"wp:attachment":[{"href":"https:\/\/pilotex5.com\/index.php?rest_route=%2Fwp%2Fv2%2Fmedia&parent=23994"}],"curies":[{"name":"wp","href":"https:\/\/api.w.org\/{rel}","templated":true}]}}