{"id":76170,"date":"2025-10-12T09:18:47","date_gmt":"2025-10-12T09:18:47","guid":{"rendered":"https:\/\/pilotex5.com\/?page_id=76170"},"modified":"2025-10-12T09:33:10","modified_gmt":"2025-10-12T09:33:10","slug":"a-propos-de-pilotex5","status":"publish","type":"page","link":"https:\/\/pilotex5.com\/?page_id=76170","title":{"rendered":"\u00c0 propos de PiloteX5"},"content":{"rendered":"<p>PiloteX5 est un site d\u2019assistance ind\u00e9pendant qui fournit des guides d\u00e9taill\u00e9s, des conseils et de l\u2019aide gratuite pour installer ou mettre \u00e0 jour les pilotes (drivers) et logiciels des imprimantes, scanners, ordinateurs, \u00e9crans, ordinateurs portables et autres p\u00e9riph\u00e9riques.<\/p>\n<p>Tous les liens que nous proposons renvoient directement vers les sites officiels des fabricants, afin de garantir des t\u00e9l\u00e9chargements s\u00fbrs et authentiques.<\/p>\n<p>Nous agissons en toute ind\u00e9pendance pour offrir des informations claires, pr\u00e9cises et v\u00e9rifi\u00e9es.<\/p>\n<p>Nos articles expliquent pas \u00e0 pas comment t\u00e9l\u00e9charger, installer et configurer un pilote ou un logiciel, m\u00eame en l\u2019absence d\u2019un installateur automatique (setup.exe).<\/p>\n<p>Nous aidons aussi \u00e0 r\u00e9soudre les pannes de p\u00e9riph\u00e9riques survenues apr\u00e8s une mise \u00e0 jour de Windows ou macOS, ou lorsque le pilote adapt\u00e9 est introuvable.<\/p>\n<p>Chaque contenu est r\u00e9dig\u00e9 pour \u00eatre compris par tous. En cas de besoin sp\u00e9cifique, vous pouvez nous contacter gratuitement via notre formulaire &#8211; <a href=\"https:\/\/pilotex5.com\/?page_id=23994\" target=\"_blank\" rel=\"noopener\">Contactez-nous<\/a>.<\/p>\n<h2>Ce que nous faisons<\/h2>\n<ul>\n<li>Installer des pilotes anciens sur les versions r\u00e9centes de Windows ou macOS.<\/li>\n<li>R\u00e9soudre les erreurs apr\u00e8s une mise \u00e0 jour du syst\u00e8me.<\/li>\n<li>Trouver des liens de t\u00e9l\u00e9chargement officiels difficiles \u00e0 localiser.<\/li>\n<li>Identifier le bon pilote parmi plusieurs versions disponibles.<\/li>\n<li>Rechercher un pilote compatible pour un mod\u00e8le proche.<\/li>\n<li>Configurer les fonctions avanc\u00e9es (num\u00e9risation, impression sans fil, etc.).<\/li>\n<li>Fournir des conseils de s\u00e9curit\u00e9 et de compatibilit\u00e9.<\/li>\n<\/ul>\n<p><strong>Notre mission<\/strong> : permettre \u00e0 chaque utilisateur de remettre son appareil en service rapidement, de fa\u00e7on s\u00fbre et gratuite.<\/p>\n<p><script type=\"application\/ld+json\">\n{\n  \"@context\": \"https:\/\/schema.org\",\n  \"@type\": \"AboutPage\",\n  \"url\": \"https:\/\/pilotex5.com\/?page_id=76170\",\n  \"mainEntityOfPage\": {\"@id\": \"https:\/\/pilotex5.com\/?page_id=76170\"},\n  \"headline\": \"\u00c0 propos de PiloteX5\",\n  \"inLanguage\": \"fr\",\n  \"dateModified\": \"2025-10-07\",\n  \"isPartOf\": {\"@type\": \"WebSite\", \"@id\": \"https:\/\/pilotex5.com\"},\n  \"publisher\": {\n    \"@type\": \"Organization\",\n    \"name\": \"PiloteX5\",\n    \"logo\": {\"@type\": \"ImageObject\", \"url\": \"https:\/\/pilotex5.com\/wp-content\/uploads\/2023\/11\/PiloteX5.webp\"}\n  }\n}\n<\/script><\/p>\n<div class=\"social-share-buttons\"><a href=\"https:\/\/www.facebook.com\/sharer\/sharer.php?u=https:\/\/pilotex5.com\/?page_id=76170\" target=\"_blank\" rel=\"noopener\">Facebook<\/a><a href=\"https:\/\/twitter.com\/intent\/tweet?url=https:\/\/pilotex5.com\/?page_id=76170&text=%C3%80+propos+de+PiloteX5\" target=\"_blank\" rel=\"noopener\">Twitter<\/a><a href=\"https:\/\/www.linkedin.com\/shareArticle?url=https:\/\/pilotex5.com\/?page_id=76170&title=%C3%80+propos+de+PiloteX5\" target=\"_blank\" rel=\"noopener\">LinkedIn<\/a><a href=\"https:\/\/pinterest.com\/pin\/create\/button\/?url=https:\/\/pilotex5.com\/?page_id=76170&description=%C3%80+propos+de+PiloteX5\" target=\"_blank\" rel=\"noopener\">Pinterest<\/a><\/div>","protected":false},"excerpt":{"rendered":"<p>PiloteX5 est un site d\u2019assistance ind\u00e9pendant qui fournit des guides d\u00e9taill\u00e9s, des conseils et de l\u2019aide gratuite pour installer ou mettre \u00e0 jour les pilotes (drivers) et logiciels des imprimantes, scanners, ordinateurs, \u00e9crans, ordinateurs portables et autres p\u00e9riph\u00e9riques. Tous les&hellip;<\/p>\n<p class=\"more-link-p\"><a class=\"more-link\" href=\"https:\/\/pilotex5.com\/?page_id=76170\">Read more &rarr;<\/a><\/p>\n","protected":false},"author":1,"featured_media":0,"parent":0,"menu_order":0,"comment_status":"closed","ping_status":"closed","template":"","meta":{"_lmt_disableupdate":"no","_lmt_disable":"","footnotes":""},"class_list":["post-76170","page","type-page","status-publish","hentry"],"_links":{"self":[{"href":"https:\/\/pilotex5.com\/index.php?rest_route=\/wp\/v2\/pages\/76170","targetHints":{"allow":["GET"]}}],"collection":[{"href":"https:\/\/pilotex5.com\/index.php?rest_route=\/wp\/v2\/pages"}],"about":[{"href":"https:\/\/pilotex5.com\/index.php?rest_route=\/wp\/v2\/types\/page"}],"author":[{"embeddable":true,"href":"https:\/\/pilotex5.com\/index.php?rest_route=\/wp\/v2\/users\/1"}],"replies":[{"embeddable":true,"href":"https:\/\/pilotex5.com\/index.php?rest_route=%2Fwp%2Fv2%2Fcomments&post=76170"}],"version-history":[{"count":4,"href":"https:\/\/pilotex5.com\/index.php?rest_route=\/wp\/v2\/pages\/76170\/revisions"}],"predecessor-version":[{"id":76174,"href":"https:\/\/pilotex5.com\/index.php?rest_route=\/wp\/v2\/pages\/76170\/revisions\/76174"}],"wp:attachment":[{"href":"https:\/\/pilotex5.com\/index.php?rest_route=%2Fwp%2Fv2%2Fmedia&parent=76170"}],"curies":[{"name":"wp","href":"https:\/\/api.w.org\/{rel}","templated":true}]}}