{"id":76175,"date":"2025-10-12T09:50:48","date_gmt":"2025-10-12T09:50:48","guid":{"rendered":"https:\/\/pilotex5.com\/?page_id=76175"},"modified":"2025-10-12T09:57:00","modified_gmt":"2025-10-12T09:57:00","slug":"mentions-legales-de-pilotex5","status":"publish","type":"page","link":"https:\/\/pilotex5.com\/?page_id=76175","title":{"rendered":"Mentions l\u00e9gales de PiloteX5"},"content":{"rendered":"<p><strong>1. Informations g\u00e9n\u00e9rales<\/strong><\/p>\n<p>Le site PiloteX5 (https:\/\/pilotex5.com) est un site d\u2019assistance et d\u2019information consacr\u00e9 \u00e0 l\u2019installation de pilotes (drivers) et de logiciels pour divers appareils \u00e9lectroniques.<\/p>\n<p>Ce site est \u00e9dit\u00e9 par une \u00e9quipe ind\u00e9pendante.<\/p>\n<p><strong>2. Ind\u00e9pendance et propri\u00e9t\u00e9 intellectuelle<\/strong><\/p>\n<p>Toutes les marques, logos, noms de produits et noms de soci\u00e9t\u00e9s mentionn\u00e9s sur ce site sont la propri\u00e9t\u00e9 exclusive de leurs d\u00e9tenteurs respectifs.<\/p>\n<p>Leur utilisation sur PiloteX5 a uniquement pour but d\u2019identifier les produits et faciliter l\u2019aide \u00e0 l\u2019utilisateur.<\/p>\n<p>Les logos affich\u00e9s sont utilis\u00e9s conform\u00e9ment au droit de citation et \u00e0 l\u2019usage informatif.<\/p>\n<p><strong>3. Contenu et fiabilit\u00e9 des informations<\/strong><\/p>\n<p>Les informations publi\u00e9es sur PiloteX5 sont fournies \u00e0 titre informatif et p\u00e9dagogique.<br \/>\nNous nous effor\u00e7ons de garantir leur exactitude et leur mise \u00e0 jour r\u00e9guli\u00e8re, mais aucune garantie absolue n\u2019est donn\u00e9e quant \u00e0 l\u2019exhaustivit\u00e9, la disponibilit\u00e9 ou la pr\u00e9cision des contenus.<\/p>\n<p>Les utilisateurs sont invit\u00e9s \u00e0 v\u00e9rifier syst\u00e9matiquement les t\u00e9l\u00e9chargements directement sur les sites officiels des fabricants avant toute installation.<\/p>\n<p>PiloteX5 d\u00e9cline toute responsabilit\u00e9 en cas de dommage, perte de donn\u00e9es ou dysfonctionnement r\u00e9sultant de l\u2019utilisation d\u2019un logiciel t\u00e9l\u00e9charg\u00e9 depuis un site tiers.<\/p>\n<p><strong>4. Liens externes<\/strong><\/p>\n<p>PiloteX5 contient des liens vers des sites externes (sites des fabricants ou partenaires techniques).<br \/>\nCes sites sont totalement ind\u00e9pendants ; PiloteX5 n\u2019a aucun contr\u00f4le sur leur contenu ni sur leurs politiques de confidentialit\u00e9.<\/p>\n<p>L\u2019utilisateur acc\u00e8de \u00e0 ces sites sous sa propre responsabilit\u00e9.<\/p>\n<p><strong>5. Limitation de responsabilit\u00e9<\/strong><\/p>\n<p>PiloteX5 ne peut \u00eatre tenu responsable :<\/p>\n<ul>\n<li>Des dommages directs ou indirects caus\u00e9s par l\u2019usage du site ou de ses liens.<\/li>\n<li>Des interruptions temporaires de service, erreurs ou omissions.<\/li>\n<li>Des cons\u00e9quences li\u00e9es \u00e0 des t\u00e9l\u00e9chargements effectu\u00e9s sur des sites externes.<\/li>\n<\/ul>\n<p>Le site est fourni \u201ctel quel\u201d (as-is), sans garantie d\u2019aucune sorte.<\/p>\n<p><strong>6. Donn\u00e9es personnelles<\/strong><\/p>\n<p>Le traitement des donn\u00e9es personnelles (formulaire de contact, cookies, etc.) est r\u00e9gi par notre <a href=\"https:\/\/pilotex5.com\/?page_id=3\" target=\"_blank\" rel=\"noopener\">Politique de confidentialit\u00e9<\/a>.<\/p>\n<p>Aucune donn\u00e9e n\u2019est c\u00e9d\u00e9e ni vendue \u00e0 des tiers.<\/p>\n<p><strong>7. Droit applicable<\/strong><\/p>\n<p>Les pr\u00e9sentes mentions l\u00e9gales sont r\u00e9gies par le droit fran\u00e7ais.<br \/>\nEn cas de litige, la juridiction comp\u00e9tente sera celle du ressort du si\u00e8ge de l\u2019\u00e9diteur, sous r\u00e9serve des dispositions l\u00e9gales applicables.<\/p>\n<p><strong>8. Contact<\/strong><\/p>\n<p>Pour toute question relative \u00e0 ces mentions, vous pouvez utiliser le formulaire de contact &#8211;\u00a0<a href=\"https:\/\/pilotex5.com\/?page_id=23994\" target=\"_blank\" rel=\"noopener\">Contactez-nous<\/a>.<\/p>\n<p><script type=\"application\/ld+json\">\n{\n  \"@context\": \"https:\/\/schema.org\",\n  \"@type\": \"WebPage\",\n  \"url\": \"https:\/\/pilotex5.com\/?page_id=76175\",\n  \"mainEntityOfPage\": {\"@id\": \"https:\/\/pilotex5.com\/?page_id=76175\"},\n  \"headline\": \"Mentions l\u00e9gales de PiloteX5\",\n  \"inLanguage\": \"fr\",\n  \"dateModified\": \"2025-10-07\",\n  \"isPartOf\": {\"@type\": \"WebSite\", \"@id\": \"https:\/\/pilotex5.com\"},\n  \"publisher\": {\n    \"@type\": \"Organization\",\n    \"name\": \"PiloteX5\",\n    \"logo\": {\"@type\": \"ImageObject\", \"url\": \"https:\/\/pilotex5.com\/wp-content\/uploads\/2023\/11\/PiloteX5.webp\"}\n  },\n  \"description\": \"Mentions l\u00e9gales du site PiloteX5 : site ind\u00e9pendant d\u2019assistance pour pilotes et logiciels. Contenu informatif uniquement.\"\n}\n<\/script><\/p>\n<div class=\"social-share-buttons\"><a href=\"https:\/\/www.facebook.com\/sharer\/sharer.php?u=https:\/\/pilotex5.com\/?page_id=76175\" target=\"_blank\" rel=\"noopener\">Facebook<\/a><a href=\"https:\/\/twitter.com\/intent\/tweet?url=https:\/\/pilotex5.com\/?page_id=76175&text=Mentions+l%C3%A9gales+de+PiloteX5\" target=\"_blank\" rel=\"noopener\">Twitter<\/a><a href=\"https:\/\/www.linkedin.com\/shareArticle?url=https:\/\/pilotex5.com\/?page_id=76175&title=Mentions+l%C3%A9gales+de+PiloteX5\" target=\"_blank\" rel=\"noopener\">LinkedIn<\/a><a href=\"https:\/\/pinterest.com\/pin\/create\/button\/?url=https:\/\/pilotex5.com\/?page_id=76175&description=Mentions+l%C3%A9gales+de+PiloteX5\" target=\"_blank\" rel=\"noopener\">Pinterest<\/a><\/div>","protected":false},"excerpt":{"rendered":"<p>1. Informations g\u00e9n\u00e9rales Le site PiloteX5 (https:\/\/pilotex5.com) est un site d\u2019assistance et d\u2019information consacr\u00e9 \u00e0 l\u2019installation de pilotes (drivers) et de logiciels pour divers appareils \u00e9lectroniques. Ce site est \u00e9dit\u00e9 par une \u00e9quipe ind\u00e9pendante. 2. Ind\u00e9pendance et propri\u00e9t\u00e9 intellectuelle Toutes&hellip;<\/p>\n<p class=\"more-link-p\"><a class=\"more-link\" href=\"https:\/\/pilotex5.com\/?page_id=76175\">Read more &rarr;<\/a><\/p>\n","protected":false},"author":1,"featured_media":0,"parent":0,"menu_order":0,"comment_status":"closed","ping_status":"closed","template":"","meta":{"_lmt_disableupdate":"no","_lmt_disable":"","footnotes":""},"class_list":["post-76175","page","type-page","status-publish","hentry"],"_links":{"self":[{"href":"https:\/\/pilotex5.com\/index.php?rest_route=\/wp\/v2\/pages\/76175","targetHints":{"allow":["GET"]}}],"collection":[{"href":"https:\/\/pilotex5.com\/index.php?rest_route=\/wp\/v2\/pages"}],"about":[{"href":"https:\/\/pilotex5.com\/index.php?rest_route=\/wp\/v2\/types\/page"}],"author":[{"embeddable":true,"href":"https:\/\/pilotex5.com\/index.php?rest_route=\/wp\/v2\/users\/1"}],"replies":[{"embeddable":true,"href":"https:\/\/pilotex5.com\/index.php?rest_route=%2Fwp%2Fv2%2Fcomments&post=76175"}],"version-history":[{"count":3,"href":"https:\/\/pilotex5.com\/index.php?rest_route=\/wp\/v2\/pages\/76175\/revisions"}],"predecessor-version":[{"id":76178,"href":"https:\/\/pilotex5.com\/index.php?rest_route=\/wp\/v2\/pages\/76175\/revisions\/76178"}],"wp:attachment":[{"href":"https:\/\/pilotex5.com\/index.php?rest_route=%2Fwp%2Fv2%2Fmedia&parent=76175"}],"curies":[{"name":"wp","href":"https:\/\/api.w.org\/{rel}","templated":true}]}}